{"id":1597,"date":"2018-10-07T11:29:27","date_gmt":"2018-10-07T10:29:27","guid":{"rendered":"http:\/\/www.polisportivamilanese.org\/wp\/?page_id=1597"},"modified":"2018-10-07T21:51:33","modified_gmt":"2018-10-07T20:51:33","slug":"le-voci-dal-campo","status":"publish","type":"page","link":"https:\/\/www.polisportivamilanese.org\/wp\/le-voci-dal-campo","title":{"rendered":"Le voci dal campo&#8230;"},"content":{"rendered":"<p><strong>\u00a0 \u00a0 \u00a0\u00a0 CAMPIONATI ITALIANI CANOA DISCESA E SLALOM<\/strong><\/p>\n<p>I giorni 29 e 30 settembre a Mestre si sono svolti i campionati italiani all\u2019interno del Forte Marghera nella laguna di fronte a Venezia.<br \/>\nDue bellissime giornate di sole che hanno visto impegnati i nostri atleti Emilia, Emanuele e Gerry<br \/>\nin due specialit\u00e0 che non prevedono gare durante la stagione.<br \/>\nI nostri atleti si sono impegnati al massimo ottenendo significati risultati<br \/>\nEmilia seconda classificata sia nella discesa di sabato che nello slalom di domenica mattina.<br \/>\nEmanuele secondo classificato nello slalom<br \/>\nGerry terzo classificato sia nella discesa che nello slalom.<br \/>\nAbbiamo partecipato grazie all\u2019utilizzo di imbarcazioni messe a disposizione della societ\u00e0 organizzatrice per cui abbiamo pagato lo scotto di pagaiare su barche che non conoscevamo.<br \/>\nComunque la bravura dei nostri atleti si \u00e8 vista nella gara di slalom dove con barche mai provate il passaggio tra i paletti delle porte ha messo in risalto l\u2019abilit\u00e0 dei nostri atleti nell\u2019affrontare per la prima volta un percorso di 18 porte.<br \/>\nCon questa gara \u00e8 terminata la nostra stagione agonistica che per varie vicissitudini non ci ha visto gareggiare in alcune gare.<br \/>\nSperiamo che con l\u2019inizio della nuova stagione qualche nuovo atleta voglia provare questa disciplina ma principalmente avremmo la necessita di trovare qualche volontario che possa seguire i nostri atleti in canoa.<br \/>\nArrivederci al prossimo anno.<br \/>\nGiuseppe<\/p>\n<p><a href=\"http:\/\/www.polisportivamilanese.org\/wp\/le-voci-dal-campo\/img-20181003-wa0023\" rel=\"attachment wp-att-1609\"><img loading=\"lazy\" decoding=\"async\" class=\"alignnone wp-image-1609\" src=\"http:\/\/www.polisportivamilanese.org\/wp\/wp-content\/uploads\/2018\/10\/IMG-20181003-WA0023-576x1024.jpg\" alt=\"\" width=\"225\" height=\"400\" srcset=\"https:\/\/www.polisportivamilanese.org\/wp\/wp-content\/uploads\/2018\/10\/IMG-20181003-WA0023-576x1024.jpg 576w, https:\/\/www.polisportivamilanese.org\/wp\/wp-content\/uploads\/2018\/10\/IMG-20181003-WA0023-169x300.jpg 169w, https:\/\/www.polisportivamilanese.org\/wp\/wp-content\/uploads\/2018\/10\/IMG-20181003-WA0023-768x1365.jpg 768w, https:\/\/www.polisportivamilanese.org\/wp\/wp-content\/uploads\/2018\/10\/IMG-20181003-WA0023-197x350.jpg 197w, https:\/\/www.polisportivamilanese.org\/wp\/wp-content\/uploads\/2018\/10\/IMG-20181003-WA0023-84x150.jpg 84w, https:\/\/www.polisportivamilanese.org\/wp\/wp-content\/uploads\/2018\/10\/IMG-20181003-WA0023.jpg 900w\" sizes=\"auto, (max-width: 225px) 100vw, 225px\" \/><\/a> <a href=\"http:\/\/www.polisportivamilanese.org\/wp\/le-voci-dal-campo\/img-20181003-wa0021\" rel=\"attachment wp-att-1607\"><img loading=\"lazy\" decoding=\"async\" class=\"wp-image-1607 alignright\" src=\"http:\/\/www.polisportivamilanese.org\/wp\/wp-content\/uploads\/2018\/10\/IMG-20181003-WA0021-576x1024.jpg\" alt=\"\" width=\"225\" height=\"400\" srcset=\"https:\/\/www.polisportivamilanese.org\/wp\/wp-content\/uploads\/2018\/10\/IMG-20181003-WA0021-576x1024.jpg 576w, https:\/\/www.polisportivamilanese.org\/wp\/wp-content\/uploads\/2018\/10\/IMG-20181003-WA0021-169x300.jpg 169w, https:\/\/www.polisportivamilanese.org\/wp\/wp-content\/uploads\/2018\/10\/IMG-20181003-WA0021-768x1365.jpg 768w, https:\/\/www.polisportivamilanese.org\/wp\/wp-content\/uploads\/2018\/10\/IMG-20181003-WA0021-197x350.jpg 197w, https:\/\/www.polisportivamilanese.org\/wp\/wp-content\/uploads\/2018\/10\/IMG-20181003-WA0021-84x150.jpg 84w, https:\/\/www.polisportivamilanese.org\/wp\/wp-content\/uploads\/2018\/10\/IMG-20181003-WA0021.jpg 900w\" sizes=\"auto, (max-width: 225px) 100vw, 225px\" \/>\u00a0\u00a0\u00a0\u00a0<\/a> <a href=\"http:\/\/www.polisportivamilanese.org\/wp\/le-voci-dal-campo\/img-20181003-wa0010\" rel=\"attachment wp-att-1599\"><img loading=\"lazy\" decoding=\"async\" class=\"alignnone wp-image-1599\" src=\"http:\/\/www.polisportivamilanese.org\/wp\/wp-content\/uploads\/2018\/10\/IMG-20181003-WA0010-576x1024.jpg\" alt=\"\" width=\"225\" height=\"400\" srcset=\"https:\/\/www.polisportivamilanese.org\/wp\/wp-content\/uploads\/2018\/10\/IMG-20181003-WA0010-576x1024.jpg 576w, https:\/\/www.polisportivamilanese.org\/wp\/wp-content\/uploads\/2018\/10\/IMG-20181003-WA0010-169x300.jpg 169w, https:\/\/www.polisportivamilanese.org\/wp\/wp-content\/uploads\/2018\/10\/IMG-20181003-WA0010-768x1365.jpg 768w, https:\/\/www.polisportivamilanese.org\/wp\/wp-content\/uploads\/2018\/10\/IMG-20181003-WA0010-197x350.jpg 197w, https:\/\/www.polisportivamilanese.org\/wp\/wp-content\/uploads\/2018\/10\/IMG-20181003-WA0010-84x150.jpg 84w, https:\/\/www.polisportivamilanese.org\/wp\/wp-content\/uploads\/2018\/10\/IMG-20181003-WA0010.jpg 900w\" sizes=\"auto, (max-width: 225px) 100vw, 225px\" \/><\/a> <a href=\"http:\/\/www.polisportivamilanese.org\/wp\/le-voci-dal-campo\/img-20181003-wa0013\" rel=\"attachment wp-att-1602\">\u00a0 \u00a0 \u00a0 \u00a0 <img loading=\"lazy\" decoding=\"async\" class=\"alignnone wp-image-1602\" src=\"http:\/\/www.polisportivamilanese.org\/wp\/wp-content\/uploads\/2018\/10\/IMG-20181003-WA0013-576x1024.jpg\" alt=\"\" width=\"225\" height=\"400\" srcset=\"https:\/\/www.polisportivamilanese.org\/wp\/wp-content\/uploads\/2018\/10\/IMG-20181003-WA0013-576x1024.jpg 576w, https:\/\/www.polisportivamilanese.org\/wp\/wp-content\/uploads\/2018\/10\/IMG-20181003-WA0013-169x300.jpg 169w, https:\/\/www.polisportivamilanese.org\/wp\/wp-content\/uploads\/2018\/10\/IMG-20181003-WA0013-768x1365.jpg 768w, https:\/\/www.polisportivamilanese.org\/wp\/wp-content\/uploads\/2018\/10\/IMG-20181003-WA0013-197x350.jpg 197w, https:\/\/www.polisportivamilanese.org\/wp\/wp-content\/uploads\/2018\/10\/IMG-20181003-WA0013-84x150.jpg 84w, https:\/\/www.polisportivamilanese.org\/wp\/wp-content\/uploads\/2018\/10\/IMG-20181003-WA0013.jpg 900w\" sizes=\"auto, (max-width: 225px) 100vw, 225px\" \/><\/a> <a href=\"http:\/\/www.polisportivamilanese.org\/wp\/le-voci-dal-campo\/img-20181003-wa0019\" rel=\"attachment wp-att-1606\"><img loading=\"lazy\" decoding=\"async\" class=\"wp-image-1606 aligncenter\" src=\"http:\/\/www.polisportivamilanese.org\/wp\/wp-content\/uploads\/2018\/10\/IMG-20181003-WA0019-1024x576.jpg\" alt=\"\" width=\"533\" height=\"300\" srcset=\"https:\/\/www.polisportivamilanese.org\/wp\/wp-content\/uploads\/2018\/10\/IMG-20181003-WA0019-1024x576.jpg 1024w, https:\/\/www.polisportivamilanese.org\/wp\/wp-content\/uploads\/2018\/10\/IMG-20181003-WA0019-300x169.jpg 300w, https:\/\/www.polisportivamilanese.org\/wp\/wp-content\/uploads\/2018\/10\/IMG-20181003-WA0019-768x432.jpg 768w, https:\/\/www.polisportivamilanese.org\/wp\/wp-content\/uploads\/2018\/10\/IMG-20181003-WA0019-622x350.jpg 622w, https:\/\/www.polisportivamilanese.org\/wp\/wp-content\/uploads\/2018\/10\/IMG-20181003-WA0019-150x84.jpg 150w, https:\/\/www.polisportivamilanese.org\/wp\/wp-content\/uploads\/2018\/10\/IMG-20181003-WA0019.jpg 1600w\" sizes=\"auto, (max-width: 533px) 100vw, 533px\" \/><\/a> <a href=\"http:\/\/www.polisportivamilanese.org\/wp\/le-voci-dal-campo\/img-20181003-wa0016\" rel=\"attachment wp-att-1604\"><img loading=\"lazy\" decoding=\"async\" class=\"wp-image-1604 alignleft\" src=\"http:\/\/www.polisportivamilanese.org\/wp\/wp-content\/uploads\/2018\/10\/IMG-20181003-WA0016-576x1024.jpg\" alt=\"\" width=\"225\" height=\"400\" srcset=\"https:\/\/www.polisportivamilanese.org\/wp\/wp-content\/uploads\/2018\/10\/IMG-20181003-WA0016-576x1024.jpg 576w, https:\/\/www.polisportivamilanese.org\/wp\/wp-content\/uploads\/2018\/10\/IMG-20181003-WA0016-169x300.jpg 169w, https:\/\/www.polisportivamilanese.org\/wp\/wp-content\/uploads\/2018\/10\/IMG-20181003-WA0016-768x1365.jpg 768w, https:\/\/www.polisportivamilanese.org\/wp\/wp-content\/uploads\/2018\/10\/IMG-20181003-WA0016-197x350.jpg 197w, https:\/\/www.polisportivamilanese.org\/wp\/wp-content\/uploads\/2018\/10\/IMG-20181003-WA0016-84x150.jpg 84w, https:\/\/www.polisportivamilanese.org\/wp\/wp-content\/uploads\/2018\/10\/IMG-20181003-WA0016.jpg 900w\" sizes=\"auto, (max-width: 225px) 100vw, 225px\" \/><\/a> <a href=\"http:\/\/www.polisportivamilanese.org\/wp\/le-voci-dal-campo\/img-20181003-wa0014\" rel=\"attachment wp-att-1603\"><img loading=\"lazy\" decoding=\"async\" class=\"wp-image-1603 alignright\" src=\"http:\/\/www.polisportivamilanese.org\/wp\/wp-content\/uploads\/2018\/10\/IMG-20181003-WA0014-576x1024.jpg\" alt=\"\" width=\"226\" height=\"402\" srcset=\"https:\/\/www.polisportivamilanese.org\/wp\/wp-content\/uploads\/2018\/10\/IMG-20181003-WA0014-576x1024.jpg 576w, https:\/\/www.polisportivamilanese.org\/wp\/wp-content\/uploads\/2018\/10\/IMG-20181003-WA0014-169x300.jpg 169w, https:\/\/www.polisportivamilanese.org\/wp\/wp-content\/uploads\/2018\/10\/IMG-20181003-WA0014-768x1365.jpg 768w, https:\/\/www.polisportivamilanese.org\/wp\/wp-content\/uploads\/2018\/10\/IMG-20181003-WA0014-197x350.jpg 197w, https:\/\/www.polisportivamilanese.org\/wp\/wp-content\/uploads\/2018\/10\/IMG-20181003-WA0014-84x150.jpg 84w, https:\/\/www.polisportivamilanese.org\/wp\/wp-content\/uploads\/2018\/10\/IMG-20181003-WA0014.jpg 900w\" sizes=\"auto, (max-width: 226px) 100vw, 226px\" \/><\/a> <a href=\"http:\/\/www.polisportivamilanese.org\/wp\/le-voci-dal-campo\/img-20181003-wa0012\" rel=\"attachment wp-att-1601\"><img loading=\"lazy\" decoding=\"async\" class=\"wp-image-1601 alignleft\" src=\"http:\/\/www.polisportivamilanese.org\/wp\/wp-content\/uploads\/2018\/10\/IMG-20181003-WA0012-576x1024.jpg\" alt=\"\" width=\"225\" height=\"400\" srcset=\"https:\/\/www.polisportivamilanese.org\/wp\/wp-content\/uploads\/2018\/10\/IMG-20181003-WA0012-576x1024.jpg 576w, https:\/\/www.polisportivamilanese.org\/wp\/wp-content\/uploads\/2018\/10\/IMG-20181003-WA0012-169x300.jpg 169w, https:\/\/www.polisportivamilanese.org\/wp\/wp-content\/uploads\/2018\/10\/IMG-20181003-WA0012-768x1365.jpg 768w, https:\/\/www.polisportivamilanese.org\/wp\/wp-content\/uploads\/2018\/10\/IMG-20181003-WA0012-197x350.jpg 197w, https:\/\/www.polisportivamilanese.org\/wp\/wp-content\/uploads\/2018\/10\/IMG-20181003-WA0012-84x150.jpg 84w, https:\/\/www.polisportivamilanese.org\/wp\/wp-content\/uploads\/2018\/10\/IMG-20181003-WA0012.jpg 900w\" sizes=\"auto, (max-width: 225px) 100vw, 225px\" \/><\/a><\/p>\n<p><a href=\"http:\/\/www.polisportivamilanese.org\/wp\/le-voci-dal-campo\/img-20181003-wa0011\" rel=\"attachment wp-att-1600\"><img loading=\"lazy\" decoding=\"async\" class=\"alignnone wp-image-1600\" src=\"http:\/\/www.polisportivamilanese.org\/wp\/wp-content\/uploads\/2018\/10\/IMG-20181003-WA0011-576x1024.jpg\" alt=\"\" width=\"225\" height=\"400\" srcset=\"https:\/\/www.polisportivamilanese.org\/wp\/wp-content\/uploads\/2018\/10\/IMG-20181003-WA0011-576x1024.jpg 576w, https:\/\/www.polisportivamilanese.org\/wp\/wp-content\/uploads\/2018\/10\/IMG-20181003-WA0011-169x300.jpg 169w, https:\/\/www.polisportivamilanese.org\/wp\/wp-content\/uploads\/2018\/10\/IMG-20181003-WA0011-768x1365.jpg 768w, https:\/\/www.polisportivamilanese.org\/wp\/wp-content\/uploads\/2018\/10\/IMG-20181003-WA0011-197x350.jpg 197w, https:\/\/www.polisportivamilanese.org\/wp\/wp-content\/uploads\/2018\/10\/IMG-20181003-WA0011-84x150.jpg 84w, https:\/\/www.polisportivamilanese.org\/wp\/wp-content\/uploads\/2018\/10\/IMG-20181003-WA0011.jpg 900w\" sizes=\"auto, (max-width: 225px) 100vw, 225px\" \/><\/a><\/p>\n<p>________________________________________________________________________________________________<\/p>\n<p><strong>Grinta e cuore della Polisportiva Milanese Weelchair Rugby<\/strong><br \/>\nInteressanti risvolti al Palaluiss di Roma durante le finali del secondo Campionato Italiano di Rugby in Carrozzina del 28, 29, 30 settembre 2018.<br \/>\nScontato e senza sorprese il primo posto dell\u2019ASD Padova rugby, attuale potenza incontrastata del movimento Rugby in Carrozzina Italia.<br \/>\n\u00c8 invece, con enorme stupore generale e contro tutti i pronostici del caso, sul secondo gradino del podio la grande novit\u00e0, con la squadra della Polisportiva Milanese 1979 Sport Disabili che conquista la posizione e si propone cos\u00ec come prossimo principale avversario dei Padovani per la conquista del titolo.<br \/>\nArrivati a Roma tra treni, macchine, pulmini e ritardi imprevisti, pronti via, e per i ragazzi della Polisportiva \u00e8 fin da subito necessario portare la tensione al massimo, per affrontare al meglio la prima sfida con la squadra H81 Vicenza, ad allora seconda a parimerito proprio con i milanesi.<br \/>\nLa squadra parte immediatamente con la giusta determinazione e, a met\u00e0 del primo quarto, si trova gi\u00e0 avanti di 7 mete.<br \/>\nCome un rullo compressore, i ragazzi mantengono alta la concentrazione e continuano a schiacciare gli avversari, legittimando cos\u00ec il proprio vantaggio, aumentando il nervosismo dei vicentini ed impedendone una costruzione di gioco fluida.<br \/>\nDurante il secondo quarto la storia rimane invariata, ed \u00e8 solo all\u2019inizio della terza frazione di gioco che il match comincia a regalare qualche brivido, con Milano che cala leggermente sul piano dell\u2019agonismo e permette a Vicenza di riavvicinarsi a -6.<br \/>\n2 minuti per riprendere fiato tra il 3\u00b0 e 4\u00b0 tempo e i ragazzi sono nuovamente carichi.<br \/>\nCon grande grinta rimettono sotto l\u2019H81, dominano per tutti gli 8 minuti e vincono la partita per 53 a 38.<br \/>\nSono le ore 15:00.<br \/>\nLeggera pausa pranzo prima, breve e meritato riposo poi, ed \u00e8 gi\u00e0 tempo di riprendere la concentrazione in attesa del match delle 19:00 con i pi\u00f9 esperti Mastini Cangrandi Verona.<br \/>\nGi\u00e0 da qualche mese, negli spogliatoi e durante gli allenamenti, tra i ragazzi di Milano circolavano discorsi su come si poteva pensare di giocarsela alla pari con i veronesi: magari non di vincerli, ma sicuramente non di partire gi\u00e0 sconfitti, come era sempre stato.<br \/>\nEra necessaria la partita perfetta.<br \/>\nPurtroppo per\u00f2 si entra in campo e le cose si mettono subito male.<br \/>\nTra i milanesi si percepisce immediatamente il solito timore reverenziale verso gli avversari pi\u00f9 esperti, le giocate pi\u00f9 semplici non riescono e dopo 3 minuti la squadra \u00e8 sotto per 10 a 5.<br \/>\nCoach time out, 1 minuto per riordinare le idee, rassicurazioni ed incoraggiamenti da tutta la panchina, e il quartetto titolare rientra in campo alla grande, recupera punti e riporta la partita in parit\u00e0 alla fine del primo quarto.<br \/>\nDa qui in avanti, tutto ci\u00f2 che succede entra di diritto in una delle pagine pi\u00f9 belle e importanti della storia della squadra.<br \/>\nTutti i ragazzi, in campo e in panchina, dimostrano grinta e carica innate.<br \/>\nI fondamentali di gioco vengono continuamente riproposti al limite della perfezione, le manovre d\u2019attacco sono portate avanti con calma e lucidit\u00e0, in difesa l\u2019organizzazione \u00e8 fantastica, il pericolo numero uno degli avversari, Paolo Macaccaro, viene costantemente triplicato e le azioni veronesi restano cos\u00ec estremamente complicate.<br \/>\nAd un certo punto Milano va anche sotto, ma i ragazzi non mollano, rimangono in partita e continuano il loro gioco, nonostante la stanchezza e la carenza di lucidit\u00e0 degli ultimi minuti.<br \/>\nTermina la partita su di una grandissima giocata difensiva di Luca Zaganelli su Macaccaro.<br \/>\nMilano \u2013 Verona: 43 \u2013 40.<br \/>\nChi non c\u2019era se non vede il tabellone non ci crede; chi c\u2019era, anche a rigiocargli la partita davanti, ci crede ancora meno.<br \/>\nArrivano complimenti da ogni parte: avversari, romani, padovani e vicentini, tecnici e giocatori.<br \/>\nOnore ai Veronesi, che assieme al Milano hanno dato vita ad una partita epica, a detta di tutti, la miglior partita del torneo.<br \/>\nUn grazie particolare a tutti gli arbitri ed ai volontari, che per tre giorni hanno lavorato incessantemente dalla mattina alla sera per permettere il torneo.<br \/>\nUn grazie infinito, che mai potr\u00e0 bastare, a tutto lo staff della squadra, che come sempre, con grandissima passione e partecipazione, ha assistito tutti i ragazzi, dalle procedure burocratiche al viaggio, dal caricamento e dalla manutenzione delle carrozzine alla preparazione degli atleti in campo, dal supporto motivazionale a quello fisico. Ha gestito gli spostamenti in pullmino e in carrozza ed ha affiancato i ragazzi nelle scampagnate alla ricerca di viveri.<br \/>\nSi \u00e8 anche reso prezioso nell\u2019assistenza in ospedale alla nostra guerriera Maria che, infortunatasi durante una partita, ha continuato a giocare stoicamente, e solo su forzata indicazione del medico ha accettato di andare a farsi controllare, saltando comunque un unico match.<br \/>\nDi ordinaria amministrazione le altre 3 gare del sabato e della domenica, dall\u2019esito praticamente scontato, con due vittorie sulle squadre romane, di recente formazione, e con una sconfitta contro il Padova Rugby, comunque meno amara di quelle passate.<br \/>\nIl piazzamento al secondo posto, per il gruppo della Polisportiva Milanese 1979 Sport Disabili, \u00e8 un risultato straordinario, frutto dell\u2019impegno e della costanza messi in campo da tutti gli atleti della squadra durante gli allenamenti degli ultimi 3 anni.<br \/>\nLe due strepitose vittorie di venerd\u00ec 28, su Vicenza prima e Verona poi, sono state conquistate con rabbia e determinazione, i ragazzi sono rimasti concentrati sulla partita per tutta la durata dei match e non hanno lasciato libert\u00e0 d\u2019espressione agli avversari.<br \/>\nQuesti risultati sono stati nettamente meritati e saranno soltanto un nuovo punto di partenza, per un gruppo di 3 atleti, nato quasi 5 anni fa in una mezza palestra senza attrezzatura, e che ad oggi conta 10 giocatori, 2 tecnici, un meccanico, un arbitro ed un imprecisato numero di volontari, tutti con grande voglia di fare e desiderio di crescita senza limite.<br \/>\nPer il raggiungimento di tutti gli obbiettivi, ha avuto un ruolo di essenziale importanza la cooperativa sociale Alatha Onlus, che, nel giro di un solo anno, ha fornito alla squadra 5 nuove carrozzine da Rugby, permettendo cos\u00ec al gruppo, che da tempo era alla ricerca di fondi per l\u2019acquisto delle attrezzature, di poter partecipare a tornei e competizioni ufficiali sfruttando al meglio il potenziale costruito negli anni di duro allenamento.<br \/>\nUno dei giocatori della squadra, Andrea Colombo, \u00e8 stato anche chiamato dal Coach della Nazionale e, nella seconda settimana di ottobre, assieme agli altri ragazzi convocati, sar\u00e0 in Islanda a rappresentare l\u2019Italia e Milano ai campionati europei di fascia B.<br \/>\nCon lui, purtroppo, non ci sar\u00e0 un altro importante atleta della Polisportiva Milanese, Luca Zaganelli, stranamente lasciato a casa, ma che ha comunque dato prova di grandi capacit\u00e0 tecniche ed atletiche, risultando essenziale per il grandissimo piazzamento della sua squadra e vincendo meritatamente, x il secondo anno di fila, il titolo di MVP del torneo.<br \/>\nLa convocazione in nazionale, e il successivo posto da titolare, sono solo questione di tempo.<\/p>\n<p><a href=\"http:\/\/www.polisportivamilanese.org\/wp\/le-voci-dal-campo\/810_2749\" rel=\"attachment wp-att-1615\"><img loading=\"lazy\" decoding=\"async\" class=\"alignnone wp-image-1615\" src=\"http:\/\/www.polisportivamilanese.org\/wp\/wp-content\/uploads\/2018\/10\/810_2749-1024x683.jpg\" alt=\"\" width=\"375\" height=\"250\" srcset=\"https:\/\/www.polisportivamilanese.org\/wp\/wp-content\/uploads\/2018\/10\/810_2749-1024x683.jpg 1024w, https:\/\/www.polisportivamilanese.org\/wp\/wp-content\/uploads\/2018\/10\/810_2749-300x200.jpg 300w, https:\/\/www.polisportivamilanese.org\/wp\/wp-content\/uploads\/2018\/10\/810_2749-768x513.jpg 768w, https:\/\/www.polisportivamilanese.org\/wp\/wp-content\/uploads\/2018\/10\/810_2749-524x350.jpg 524w, https:\/\/www.polisportivamilanese.org\/wp\/wp-content\/uploads\/2018\/10\/810_2749-150x100.jpg 150w\" sizes=\"auto, (max-width: 375px) 100vw, 375px\" \/><\/a> <a href=\"http:\/\/www.polisportivamilanese.org\/wp\/le-voci-dal-campo\/810_2951\" rel=\"attachment wp-att-1616\"><img loading=\"lazy\" decoding=\"async\" class=\"wp-image-1616 alignright\" src=\"http:\/\/www.polisportivamilanese.org\/wp\/wp-content\/uploads\/2018\/10\/810_2951-1024x683.jpg\" alt=\"\" width=\"375\" height=\"250\" srcset=\"https:\/\/www.polisportivamilanese.org\/wp\/wp-content\/uploads\/2018\/10\/810_2951-1024x683.jpg 1024w, https:\/\/www.polisportivamilanese.org\/wp\/wp-content\/uploads\/2018\/10\/810_2951-300x200.jpg 300w, https:\/\/www.polisportivamilanese.org\/wp\/wp-content\/uploads\/2018\/10\/810_2951-768x513.jpg 768w, https:\/\/www.polisportivamilanese.org\/wp\/wp-content\/uploads\/2018\/10\/810_2951-524x350.jpg 524w, https:\/\/www.polisportivamilanese.org\/wp\/wp-content\/uploads\/2018\/10\/810_2951-150x100.jpg 150w\" sizes=\"auto, (max-width: 375px) 100vw, 375px\" \/><\/a> <a href=\"http:\/\/www.polisportivamilanese.org\/wp\/le-voci-dal-campo\/810_3119\" rel=\"attachment wp-att-1617\"><img loading=\"lazy\" decoding=\"async\" class=\"alignnone wp-image-1617\" src=\"http:\/\/www.polisportivamilanese.org\/wp\/wp-content\/uploads\/2018\/10\/810_3119-1024x683.jpg\" alt=\"\" width=\"375\" height=\"250\" srcset=\"https:\/\/www.polisportivamilanese.org\/wp\/wp-content\/uploads\/2018\/10\/810_3119-1024x683.jpg 1024w, https:\/\/www.polisportivamilanese.org\/wp\/wp-content\/uploads\/2018\/10\/810_3119-300x200.jpg 300w, https:\/\/www.polisportivamilanese.org\/wp\/wp-content\/uploads\/2018\/10\/810_3119-768x513.jpg 768w, https:\/\/www.polisportivamilanese.org\/wp\/wp-content\/uploads\/2018\/10\/810_3119-524x350.jpg 524w, https:\/\/www.polisportivamilanese.org\/wp\/wp-content\/uploads\/2018\/10\/810_3119-150x100.jpg 150w\" sizes=\"auto, (max-width: 375px) 100vw, 375px\" \/><\/a> <a href=\"http:\/\/www.polisportivamilanese.org\/wp\/le-voci-dal-campo\/810_3567\" rel=\"attachment wp-att-1618\"><img loading=\"lazy\" decoding=\"async\" class=\"wp-image-1618 alignright\" src=\"http:\/\/www.polisportivamilanese.org\/wp\/wp-content\/uploads\/2018\/10\/810_3567-1024x683.jpg\" alt=\"\" width=\"375\" height=\"250\" srcset=\"https:\/\/www.polisportivamilanese.org\/wp\/wp-content\/uploads\/2018\/10\/810_3567-1024x683.jpg 1024w, https:\/\/www.polisportivamilanese.org\/wp\/wp-content\/uploads\/2018\/10\/810_3567-300x200.jpg 300w, https:\/\/www.polisportivamilanese.org\/wp\/wp-content\/uploads\/2018\/10\/810_3567-768x513.jpg 768w, https:\/\/www.polisportivamilanese.org\/wp\/wp-content\/uploads\/2018\/10\/810_3567-524x350.jpg 524w, https:\/\/www.polisportivamilanese.org\/wp\/wp-content\/uploads\/2018\/10\/810_3567-150x100.jpg 150w\" sizes=\"auto, (max-width: 375px) 100vw, 375px\" \/><\/a><\/p>\n<p>&nbsp;<\/p>\n<p>&nbsp;<\/p>\n<p>&nbsp;<\/p>\n","protected":false},"excerpt":{"rendered":"<p>\u00a0 \u00a0 \u00a0\u00a0 CAMPIONATI ITALIANI CANOA DISCESA E SLALOM I giorni 29 e 30 settembre a Mestre si sono svolti i campionati italiani all\u2019interno del Forte Marghera nella laguna di fronte a Venezia. Due bellissime giornate di sole che hanno visto impegnati i nostri atleti Emilia, Emanuele e Gerry in &#8230; <a class=\"continue-reading-link\" href=\"https:\/\/www.polisportivamilanese.org\/wp\/le-voci-dal-campo\"> Continue reading<\/a><\/p>\n","protected":false},"author":1,"featured_media":0,"parent":0,"menu_order":0,"comment_status":"closed","ping_status":"closed","template":"","meta":{"footnotes":""},"class_list":["post-1597","page","type-page","status-publish","hentry"],"_links":{"self":[{"href":"https:\/\/www.polisportivamilanese.org\/wp\/wp-json\/wp\/v2\/pages\/1597","targetHints":{"allow":["GET"]}}],"collection":[{"href":"https:\/\/www.polisportivamilanese.org\/wp\/wp-json\/wp\/v2\/pages"}],"about":[{"href":"https:\/\/www.polisportivamilanese.org\/wp\/wp-json\/wp\/v2\/types\/page"}],"author":[{"embeddable":true,"href":"https:\/\/www.polisportivamilanese.org\/wp\/wp-json\/wp\/v2\/users\/1"}],"replies":[{"embeddable":true,"href":"https:\/\/www.polisportivamilanese.org\/wp\/wp-json\/wp\/v2\/comments?post=1597"}],"version-history":[{"count":5,"href":"https:\/\/www.polisportivamilanese.org\/wp\/wp-json\/wp\/v2\/pages\/1597\/revisions"}],"predecessor-version":[{"id":1619,"href":"https:\/\/www.polisportivamilanese.org\/wp\/wp-json\/wp\/v2\/pages\/1597\/revisions\/1619"}],"wp:attachment":[{"href":"https:\/\/www.polisportivamilanese.org\/wp\/wp-json\/wp\/v2\/media?parent=1597"}],"curies":[{"name":"wp","href":"https:\/\/api.w.org\/{rel}","templated":true}]}}